{"id":2587,"date":"2025-03-05T15:31:35","date_gmt":"2025-03-05T14:31:35","guid":{"rendered":"https:\/\/www.redheating.fr\/?post_type=product&#038;p=2587"},"modified":"2025-10-30T09:04:21","modified_gmt":"2025-10-30T08:04:21","slug":"edel","status":"publish","type":"product","link":"https:\/\/www.redheating.fr\/de\/product\/edel\/","title":{"rendered":"EDEL"},"content":{"rendered":"\n<p>Versiegelter Pelletofen mit einem modernen Design, nur 80 cm hoch. Er verf\u00fcgt \u00fcber ein schwarz lackiertes Stahlgeh\u00e4use und eine T\u00fcr aus Gusseisen. Die Brennschale und die Verkleidung der Brennkammer sind ebenfalls aus Gusseisen und garantieren Langlebigkeit und Robustheit. Schnelle Z\u00fcndung. Der Ofen kann \u00fcber das integrierte Bedienfeld oder \u00fcber ein Smartphone gesteuert werden, dank des mitgelieferten Easy Connect Wi-Fi Kits.<\/p>\n\n\n\n<p><\/p>\n","protected":false},"excerpt":{"rendered":"<p>Versiegelter Pelletofen mit einem modernen Design, nur 80 cm hoch. Er verf\u00fcgt \u00fcber ein schwarz lackiertes Stahlgeh\u00e4use und eine T\u00fcr aus Gusseisen. Die Brennschale und die Verkleidung der Brennkammer sind ebenfalls aus Gusseisen und garantieren Langlebigkeit und Robustheit. Schnelle Z\u00fcndung. Der Ofen kann \u00fcber das integrierte Bedienfeld oder \u00fcber ein Smartphone gesteuert werden, dank des [&hellip;]<\/p>\n","protected":false},"featured_media":2597,"parent":0,"template":"","typology":[68],"combustion":[70],"solutions":[88,76],"heating":[78],"finishes":[82],"class_list":["post-2587","product","type-product","status-publish","has-post-thumbnail","hentry","typology-stufe-de","combustion-pellet-de","solutions-con-uscita-fumi-superiore-de","solutions-per-case-passive-de","heating-air-de","finishes-metallo-black-de"],"acf":[],"_links":{"self":[{"href":"https:\/\/www.redheating.fr\/de\/wp-json\/wp\/v2\/product\/2587","targetHints":{"allow":["GET"]}}],"collection":[{"href":"https:\/\/www.redheating.fr\/de\/wp-json\/wp\/v2\/product"}],"about":[{"href":"https:\/\/www.redheating.fr\/de\/wp-json\/wp\/v2\/types\/product"}],"wp:featuredmedia":[{"embeddable":true,"href":"https:\/\/www.redheating.fr\/de\/wp-json\/wp\/v2\/media\/2597"}],"wp:attachment":[{"href":"https:\/\/www.redheating.fr\/de\/wp-json\/wp\/v2\/media?parent=2587"}],"wp:term":[{"taxonomy":"typology","embeddable":true,"href":"https:\/\/www.redheating.fr\/de\/wp-json\/wp\/v2\/typology?post=2587"},{"taxonomy":"combustion","embeddable":true,"href":"https:\/\/www.redheating.fr\/de\/wp-json\/wp\/v2\/combustion?post=2587"},{"taxonomy":"solutions","embeddable":true,"href":"https:\/\/www.redheating.fr\/de\/wp-json\/wp\/v2\/solutions?post=2587"},{"taxonomy":"heating","embeddable":true,"href":"https:\/\/www.redheating.fr\/de\/wp-json\/wp\/v2\/heating?post=2587"},{"taxonomy":"finishes","embeddable":true,"href":"https:\/\/www.redheating.fr\/de\/wp-json\/wp\/v2\/finishes?post=2587"}],"curies":[{"name":"wp","href":"https:\/\/api.w.org\/{rel}","templated":true}]}}