{"id":2553,"date":"2024-02-19T12:30:59","date_gmt":"2024-02-19T11:30:59","guid":{"rendered":"https:\/\/www.redheating.fr\/product\/aster\/"},"modified":"2025-10-30T09:32:43","modified_gmt":"2025-10-30T08:32:43","slug":"aster","status":"publish","type":"product","link":"https:\/\/www.redheating.fr\/de\/product\/aster\/","title":{"rendered":"ASTER"},"content":{"rendered":"\n<p>Luftdichter, kanalisierbarer Pelletofen aus Stahl in der Farbe White, Silver und Dark. T\u00fcr und oberes Gitter aus Gusseisen. Gro\u00dfer und tiefer Feuerraum f\u00fcr eine bessere Sicht auf das Feuer, mit Brennschale aus Gusseisen. Schnelleinschaltung. Aster ist mit oberem koaxialem (8\/13 cm) ausgestattet. Der Ofen kann wahlweise \u00fcber das integrierte Bedienfeld oder dank des mitgelieferten Wi-Fi Easy Connect Moduls f\u00fcr Smartphone gesteuert werden.<\/p>\n","protected":false},"excerpt":{"rendered":"<p>Luftdichter, kanalisierbarer Pelletofen aus Stahl in der Farbe White, Silver und Dark. T\u00fcr und oberes Gitter aus Gusseisen. Gro\u00dfer und tiefer Feuerraum f\u00fcr eine bessere Sicht auf das Feuer, mit Brennschale aus Gusseisen. Schnelleinschaltung. Aster ist mit oberem koaxialem (8\/13 cm) ausgestattet. Der Ofen kann wahlweise \u00fcber das integrierte Bedienfeld oder dank des mitgelieferten Wi-Fi [&hellip;]<\/p>\n","protected":false},"featured_media":2671,"parent":0,"template":"","typology":[68],"combustion":[70],"solutions":[88,76],"heating":[94],"finishes":[96,84,86],"class_list":["post-2553","product","type-product","status-publish","has-post-thumbnail","hentry","typology-stufe-de","combustion-pellet-de","solutions-con-uscita-fumi-superiore-de","solutions-per-case-passive-de","heating-multiair-de","finishes-metallo-dark-de","finishes-metallo-silver-de","finishes-metallo-white-de"],"acf":[],"_links":{"self":[{"href":"https:\/\/www.redheating.fr\/de\/wp-json\/wp\/v2\/product\/2553","targetHints":{"allow":["GET"]}}],"collection":[{"href":"https:\/\/www.redheating.fr\/de\/wp-json\/wp\/v2\/product"}],"about":[{"href":"https:\/\/www.redheating.fr\/de\/wp-json\/wp\/v2\/types\/product"}],"wp:featuredmedia":[{"embeddable":true,"href":"https:\/\/www.redheating.fr\/de\/wp-json\/wp\/v2\/media\/2671"}],"wp:attachment":[{"href":"https:\/\/www.redheating.fr\/de\/wp-json\/wp\/v2\/media?parent=2553"}],"wp:term":[{"taxonomy":"typology","embeddable":true,"href":"https:\/\/www.redheating.fr\/de\/wp-json\/wp\/v2\/typology?post=2553"},{"taxonomy":"combustion","embeddable":true,"href":"https:\/\/www.redheating.fr\/de\/wp-json\/wp\/v2\/combustion?post=2553"},{"taxonomy":"solutions","embeddable":true,"href":"https:\/\/www.redheating.fr\/de\/wp-json\/wp\/v2\/solutions?post=2553"},{"taxonomy":"heating","embeddable":true,"href":"https:\/\/www.redheating.fr\/de\/wp-json\/wp\/v2\/heating?post=2553"},{"taxonomy":"finishes","embeddable":true,"href":"https:\/\/www.redheating.fr\/de\/wp-json\/wp\/v2\/finishes?post=2553"}],"curies":[{"name":"wp","href":"https:\/\/api.w.org\/{rel}","templated":true}]}}