{"id":2006,"date":"2022-09-23T08:28:42","date_gmt":"2022-09-23T06:28:42","guid":{"rendered":"https:\/\/www.redheating.fr\/product\/loto\/"},"modified":"2025-10-30T09:43:27","modified_gmt":"2025-10-30T08:43:27","slug":"loto","status":"publish","type":"product","link":"https:\/\/www.redheating.fr\/de\/product\/loto\/","title":{"rendered":"LOTO"},"content":{"rendered":"\n<p>Luftdichter Pelletofen mit Topplatte aus Gusseisen und Seitenw\u00e4nden aus Stahl in der Farbe White, Silver, Dark und Bordeaux. Gro\u00dfer und tiefer Feuerraum mit Brennschale aus Gusseisen.<br>Schnelleinschaltung. In der Ausf\u00fchrung mit kanalisierbarer Luft und Hydro erh\u00e4ltlich (16 oder 23 kW). Der Ofen kann wahlweise \u00fcber das integrierte Bedienfeld oder dank des mitgelieferten Wi-Fi Easy Connect Moduls f\u00fcr Smartphone gesteuert werden.<\/p>\n","protected":false},"excerpt":{"rendered":"<p>Luftdichter Pelletofen mit Topplatte aus Gusseisen und Seitenw\u00e4nden aus Stahl in der Farbe White, Silver, Dark und Bordeaux. Gro\u00dfer und tiefer Feuerraum mit Brennschale aus Gusseisen.Schnelleinschaltung. In der Ausf\u00fchrung mit kanalisierbarer Luft und Hydro erh\u00e4ltlich (16 oder 23 kW). Der Ofen kann wahlweise \u00fcber das integrierte Bedienfeld oder dank des mitgelieferten Wi-Fi Easy Connect Moduls [&hellip;]<\/p>\n","protected":false},"featured_media":2008,"parent":0,"template":"","typology":[68],"combustion":[70],"solutions":[72,74,76],"heating":[94,95],"finishes":[80,96,84,86],"class_list":["post-2006","product","type-product","status-publish","has-post-thumbnail","hentry","typology-stufe-de","combustion-pellet-de","solutions-a-parete-de","solutions-ad-angolo-de","solutions-per-case-passive-de","heating-multiair-de","heating-hydro-de","finishes-metallo-bordeaux-de","finishes-metallo-dark-de","finishes-metallo-silver-de","finishes-metallo-white-de"],"acf":[],"_links":{"self":[{"href":"https:\/\/www.redheating.fr\/de\/wp-json\/wp\/v2\/product\/2006","targetHints":{"allow":["GET"]}}],"collection":[{"href":"https:\/\/www.redheating.fr\/de\/wp-json\/wp\/v2\/product"}],"about":[{"href":"https:\/\/www.redheating.fr\/de\/wp-json\/wp\/v2\/types\/product"}],"wp:featuredmedia":[{"embeddable":true,"href":"https:\/\/www.redheating.fr\/de\/wp-json\/wp\/v2\/media\/2008"}],"wp:attachment":[{"href":"https:\/\/www.redheating.fr\/de\/wp-json\/wp\/v2\/media?parent=2006"}],"wp:term":[{"taxonomy":"typology","embeddable":true,"href":"https:\/\/www.redheating.fr\/de\/wp-json\/wp\/v2\/typology?post=2006"},{"taxonomy":"combustion","embeddable":true,"href":"https:\/\/www.redheating.fr\/de\/wp-json\/wp\/v2\/combustion?post=2006"},{"taxonomy":"solutions","embeddable":true,"href":"https:\/\/www.redheating.fr\/de\/wp-json\/wp\/v2\/solutions?post=2006"},{"taxonomy":"heating","embeddable":true,"href":"https:\/\/www.redheating.fr\/de\/wp-json\/wp\/v2\/heating?post=2006"},{"taxonomy":"finishes","embeddable":true,"href":"https:\/\/www.redheating.fr\/de\/wp-json\/wp\/v2\/finishes?post=2006"}],"curies":[{"name":"wp","href":"https:\/\/api.w.org\/{rel}","templated":true}]}}