{"id":1988,"date":"2022-09-23T08:19:40","date_gmt":"2022-09-23T06:19:40","guid":{"rendered":"https:\/\/www.redheating.fr\/product\/melissa\/"},"modified":"2025-10-30T09:29:51","modified_gmt":"2025-10-30T08:29:51","slug":"melissa","status":"publish","type":"product","link":"https:\/\/www.redheating.fr\/de\/product\/melissa\/","title":{"rendered":"MELISSA XUP!"},"content":{"rendered":"\n<p>Oberer Rauchgasabzug mit angeschlossenem \u00f8 8 cm Rohr<\/p>\n\n\n\n<p>Dank seiner sehr geringen Tiefe (27 cm) speziell f\u00fcr kleine R\u00e4ume geeigneter luftdichter Pelletofen.<br>T\u00fcr aus Gusseisen und Verkleidung aus Stahl in der Farbe White, Silver, Dark oder Bordeaux. Brennschale<br>und R\u00fcckseite der Brennkammer aus Gusseisen. Schnelleinschaltung. Melissa ist mit oberem koaxialem (8\/13 cm) ausgestattet. Der Ofen kann wahlweise \u00fcber das integrierte Bedienfeld oder dank des mitgelieferten Wi-Fi Easy Connect Moduls f\u00fcr Smartphone gesteuert werden.<\/p>\n","protected":false},"excerpt":{"rendered":"<p>Oberer Rauchgasabzug mit angeschlossenem \u00f8 8 cm Rohr Dank seiner sehr geringen Tiefe (27 cm) speziell f\u00fcr kleine R\u00e4ume geeigneter luftdichter Pelletofen.T\u00fcr aus Gusseisen und Verkleidung aus Stahl in der Farbe White, Silver, Dark oder Bordeaux. Brennschaleund R\u00fcckseite der Brennkammer aus Gusseisen. Schnelleinschaltung. Melissa ist mit oberem koaxialem (8\/13 cm) ausgestattet. Der Ofen kann wahlweise [&hellip;]<\/p>\n","protected":false},"featured_media":2035,"parent":0,"template":"","typology":[5,68],"combustion":[8,70],"solutions":[43,72,45,88,46,76],"heating":[78,50],"finishes":[25,23,80,96,28,84,29,86],"class_list":["post-1988","product","type-product","status-publish","has-post-thumbnail","hentry","typology-stufe","typology-stufe-de","combustion-pellet","combustion-pellet-de","solutions-a-parete","solutions-a-parete-de","solutions-con-uscita-fumi-superiore","solutions-con-uscita-fumi-superiore-de","solutions-per-case-passive","solutions-per-case-passive-de","heating-air-de","heating-air","finishes-metallo-black","finishes-metallo-bordeaux","finishes-metallo-bordeaux-de","finishes-metallo-dark-de","finishes-metallo-silver","finishes-metallo-silver-de","finishes-metallo-white","finishes-metallo-white-de"],"acf":[],"_links":{"self":[{"href":"https:\/\/www.redheating.fr\/de\/wp-json\/wp\/v2\/product\/1988","targetHints":{"allow":["GET"]}}],"collection":[{"href":"https:\/\/www.redheating.fr\/de\/wp-json\/wp\/v2\/product"}],"about":[{"href":"https:\/\/www.redheating.fr\/de\/wp-json\/wp\/v2\/types\/product"}],"wp:featuredmedia":[{"embeddable":true,"href":"https:\/\/www.redheating.fr\/de\/wp-json\/wp\/v2\/media\/2035"}],"wp:attachment":[{"href":"https:\/\/www.redheating.fr\/de\/wp-json\/wp\/v2\/media?parent=1988"}],"wp:term":[{"taxonomy":"typology","embeddable":true,"href":"https:\/\/www.redheating.fr\/de\/wp-json\/wp\/v2\/typology?post=1988"},{"taxonomy":"combustion","embeddable":true,"href":"https:\/\/www.redheating.fr\/de\/wp-json\/wp\/v2\/combustion?post=1988"},{"taxonomy":"solutions","embeddable":true,"href":"https:\/\/www.redheating.fr\/de\/wp-json\/wp\/v2\/solutions?post=1988"},{"taxonomy":"heating","embeddable":true,"href":"https:\/\/www.redheating.fr\/de\/wp-json\/wp\/v2\/heating?post=1988"},{"taxonomy":"finishes","embeddable":true,"href":"https:\/\/www.redheating.fr\/de\/wp-json\/wp\/v2\/finishes?post=1988"}],"curies":[{"name":"wp","href":"https:\/\/api.w.org\/{rel}","templated":true}]}}