{"id":1976,"date":"2022-09-23T08:26:36","date_gmt":"2022-09-23T06:26:36","guid":{"rendered":"https:\/\/www.redheating.fr\/product\/minta\/"},"modified":"2025-10-30T09:24:24","modified_gmt":"2025-10-30T08:24:24","slug":"minta","status":"publish","type":"product","link":"https:\/\/www.redheating.fr\/de\/product\/minta\/","title":{"rendered":"MINTA"},"content":{"rendered":"\n<p>Runder, luftdichter Pelletofen mit Konstruktion aus Stahl; Topplatte und Seitenw\u00e4nde aus Stahl in der Farbe White, Silver, Dark und Bordeaux. Gro\u00dfer und tiefer Feuerraum f\u00fcr eine bessere Sicht auf das Feuer. Brennschale aus Gusseisen. Schnelleinschaltung. Der Ofen kann wahlweise \u00fcber das integrierte<br>Bedienfeld oder dank des mitgelieferten Wi-Fi Easy Connect Moduls f\u00fcr Smartphone gesteuert werden.<\/p>\n","protected":false},"excerpt":{"rendered":"<p>Runder, luftdichter Pelletofen mit Konstruktion aus Stahl; Topplatte und Seitenw\u00e4nde aus Stahl in der Farbe White, Silver, Dark und Bordeaux. Gro\u00dfer und tiefer Feuerraum f\u00fcr eine bessere Sicht auf das Feuer. Brennschale aus Gusseisen. Schnelleinschaltung. Der Ofen kann wahlweise \u00fcber das integrierteBedienfeld oder dank des mitgelieferten Wi-Fi Easy Connect Moduls f\u00fcr Smartphone gesteuert werden.<\/p>\n","protected":false},"featured_media":1978,"parent":0,"template":"","typology":[5,68],"combustion":[8,70],"solutions":[43,72,44,74,46,76],"heating":[78,50],"finishes":[25,23,80,96,28,84,29,86],"class_list":["post-1976","product","type-product","status-publish","has-post-thumbnail","hentry","typology-stufe","typology-stufe-de","combustion-pellet","combustion-pellet-de","solutions-a-parete","solutions-a-parete-de","solutions-ad-angolo","solutions-ad-angolo-de","solutions-per-case-passive","solutions-per-case-passive-de","heating-air-de","heating-air","finishes-metallo-black","finishes-metallo-bordeaux","finishes-metallo-bordeaux-de","finishes-metallo-dark-de","finishes-metallo-silver","finishes-metallo-silver-de","finishes-metallo-white","finishes-metallo-white-de"],"acf":[],"_links":{"self":[{"href":"https:\/\/www.redheating.fr\/de\/wp-json\/wp\/v2\/product\/1976","targetHints":{"allow":["GET"]}}],"collection":[{"href":"https:\/\/www.redheating.fr\/de\/wp-json\/wp\/v2\/product"}],"about":[{"href":"https:\/\/www.redheating.fr\/de\/wp-json\/wp\/v2\/types\/product"}],"wp:featuredmedia":[{"embeddable":true,"href":"https:\/\/www.redheating.fr\/de\/wp-json\/wp\/v2\/media\/1978"}],"wp:attachment":[{"href":"https:\/\/www.redheating.fr\/de\/wp-json\/wp\/v2\/media?parent=1976"}],"wp:term":[{"taxonomy":"typology","embeddable":true,"href":"https:\/\/www.redheating.fr\/de\/wp-json\/wp\/v2\/typology?post=1976"},{"taxonomy":"combustion","embeddable":true,"href":"https:\/\/www.redheating.fr\/de\/wp-json\/wp\/v2\/combustion?post=1976"},{"taxonomy":"solutions","embeddable":true,"href":"https:\/\/www.redheating.fr\/de\/wp-json\/wp\/v2\/solutions?post=1976"},{"taxonomy":"heating","embeddable":true,"href":"https:\/\/www.redheating.fr\/de\/wp-json\/wp\/v2\/heating?post=1976"},{"taxonomy":"finishes","embeddable":true,"href":"https:\/\/www.redheating.fr\/de\/wp-json\/wp\/v2\/finishes?post=1976"}],"curies":[{"name":"wp","href":"https:\/\/api.w.org\/{rel}","templated":true}]}}