{"id":1915,"date":"2022-09-23T08:22:14","date_gmt":"2022-09-23T06:22:14","guid":{"rendered":"https:\/\/www.redheating.fr\/product\/camelia\/"},"modified":"2025-10-30T09:09:45","modified_gmt":"2025-10-30T08:09:45","slug":"camelia","status":"publish","type":"product","link":"https:\/\/www.redheating.fr\/de\/product\/camelia\/","title":{"rendered":"CAMELIA"},"content":{"rendered":"\n<p>Po\u00eale \u00e9tanche \u00e0 pellets r\u00e9alis\u00e9 avec une structure en acier, un couvercle en fonte et des c\u00f4t\u00e9s en acier couleurs White, Silver, Dark et Bordeaux. Foyer large et profond pour une meilleure vue du feu.<br>Brasier en fonte. Allumage rapide. Il est possible de g\u00e9rer le po\u00eale via le panneau de commande int\u00e9gr\u00e9 ou un smartphone, gr\u00e2ce au kit Wi-Fi Easy Connect inclus.<\/p>\n","protected":false},"excerpt":{"rendered":"<p>Po\u00eale \u00e9tanche \u00e0 pellets r\u00e9alis\u00e9 avec une structure en acier, un couvercle en fonte et des c\u00f4t\u00e9s en acier couleurs White, Silver, Dark et Bordeaux. Foyer large et profond pour une meilleure vue du feu.Brasier en fonte. Allumage rapide. Il est possible de g\u00e9rer le po\u00eale via le panneau de commande int\u00e9gr\u00e9 ou un smartphone, [&hellip;]<\/p>\n","protected":false},"featured_media":2047,"parent":0,"template":"","typology":[68],"combustion":[70],"solutions":[72,74,76],"heating":[78],"finishes":[80,96,84,86],"class_list":["post-1915","product","type-product","status-publish","has-post-thumbnail","hentry","typology-stufe-de","combustion-pellet-de","solutions-a-parete-de","solutions-ad-angolo-de","solutions-per-case-passive-de","heating-air-de","finishes-metallo-bordeaux-de","finishes-metallo-dark-de","finishes-metallo-silver-de","finishes-metallo-white-de"],"acf":[],"_links":{"self":[{"href":"https:\/\/www.redheating.fr\/de\/wp-json\/wp\/v2\/product\/1915","targetHints":{"allow":["GET"]}}],"collection":[{"href":"https:\/\/www.redheating.fr\/de\/wp-json\/wp\/v2\/product"}],"about":[{"href":"https:\/\/www.redheating.fr\/de\/wp-json\/wp\/v2\/types\/product"}],"wp:featuredmedia":[{"embeddable":true,"href":"https:\/\/www.redheating.fr\/de\/wp-json\/wp\/v2\/media\/2047"}],"wp:attachment":[{"href":"https:\/\/www.redheating.fr\/de\/wp-json\/wp\/v2\/media?parent=1915"}],"wp:term":[{"taxonomy":"typology","embeddable":true,"href":"https:\/\/www.redheating.fr\/de\/wp-json\/wp\/v2\/typology?post=1915"},{"taxonomy":"combustion","embeddable":true,"href":"https:\/\/www.redheating.fr\/de\/wp-json\/wp\/v2\/combustion?post=1915"},{"taxonomy":"solutions","embeddable":true,"href":"https:\/\/www.redheating.fr\/de\/wp-json\/wp\/v2\/solutions?post=1915"},{"taxonomy":"heating","embeddable":true,"href":"https:\/\/www.redheating.fr\/de\/wp-json\/wp\/v2\/heating?post=1915"},{"taxonomy":"finishes","embeddable":true,"href":"https:\/\/www.redheating.fr\/de\/wp-json\/wp\/v2\/finishes?post=1915"}],"curies":[{"name":"wp","href":"https:\/\/api.w.org\/{rel}","templated":true}]}}