{"id":2466,"date":"2023-04-27T10:53:00","date_gmt":"2023-04-27T08:53:00","guid":{"rendered":"https:\/\/www.redheating.fr\/?page_id=2466"},"modified":"2023-04-27T11:15:56","modified_gmt":"2023-04-27T09:15:56","slug":"rechtliche-hinweise","status":"publish","type":"page","link":"https:\/\/www.redheating.fr\/de\/rechtliche-hinweise\/","title":{"rendered":"Note legali"},"content":{"rendered":"\n<header class=\"page\">\n<h4 style= margin-top:20px>Allgemeine Nutzungsbedingungen<\/h4>\n<\/header>Diese Website ist ein von der MCZ Group SpA zur Verf\u00fcgung gestellter Online-Informationsdienst. Die Nutzung unterliegt der Annahme der im Folgenden festgelegten Allgemeinen Nutzungsbedingungen. Ohne Annahme der Bedingungen nutzen Sie bitte diese Website nicht und laden Sie kein Material daraus herunter.\n<h4 style= margin-top:20px>Nutzungsbeschr\u00e4nkung<\/h4>\nInhaberin des Urheberrechts f\u00fcr die Inhalte dieser Website ist die MCZ Group SpA. Alle Rechte vorbehalten. Ohne vorherige schriftliche Genehmigung der MCZ Group SpA darf der Inhalt dieser Website weder vollst\u00e4ndig noch auszugsweise in jeglicher Form kopiert, reproduziert, \u00fcbertragen, hochgeladen, ver\u00f6ffentlicht oder verteilt werden; ausgenommen ist die M\u00f6glichkeit der Speicherung im eigenen Computer oder des Ausdrucks von Ausz\u00fcgen aus dieser Website ausschlie\u00dflich f\u00fcr den pers\u00f6nlichen Gebrauch.\nSoweit nicht anders angegeben, sind die Markenzeichen und Logos auf dieser Website Eigentum der MCZ Group SpA. Ohne vorherige schriftliche Genehmigung der MCZ Group SpA d\u00fcrfen sie auf keiner anderen als auf dieser Website verwendet werden. Ohne vorherige schriftliche Genehmigung der MCZ Group SpA d\u00fcrfen der Name und die Marken jeglicher Art nicht als Internet-Adressen von anderen Websites oder als Teile von solchen verwendet werden.\n<h4 style= margin-top:20px>Haftungsbeschr\u00e4nkung<\/h4>\nDie Informationen auf dieser Website sind in gutem Glauben zur Verf\u00fcgung gestellt worden und werden von der MCZ Group SpA als korrekt betrachtet. Personen, die ein Produkt kaufen wollen, d\u00fcrfen sich aber nicht ausschlie\u00dflich auf diese Informationen verlassen, sondern m\u00fcssen sich zus\u00e4tzlich der tats\u00e4chlichen Beschaffenheit der Produkte und ihrer konkreten Eignung f\u00fcr den vorgesehenen Zweck versichern. Folglich werden alle Informationen auf dieser Website ohne jegliche, wie auch immer geartete, ausdr\u00fcckliche oder stillschweigende Garantie geliefert, was zum Beispiel die Qualit\u00e4t der Produkte, ihre Eignung f\u00fcr einen bestimmten Zweck oder die Nichtverletzung von Rechten des geistigen Eigentums betrifft.. Die MCZ Group SpA kann auf keinem Fall f\u00fcr direkte oder indirekte Sch\u00e4den jeglicher Art infolge der Nutzung dieser Website haftbar gemacht werden.\nDie Informationen auf dieser Website k\u00f6nnen technische Ungenauigkeiten oder Druckfehler enthalten. Die Informationen k\u00f6nnen ohne Ank\u00fcndigung \u00fcberarbeitet oder aktualisiert werden. Die MCZ Group SpA kann zudem die Angaben auf dieser Website ohne Ank\u00fcndigung verbessern oder \u00e4ndern.\n<h4 style= margin-top:20px>Links<\/h4>\nDie MCZ Group SpA ist nicht f\u00fcr den Inhalt und die Darstellung von Websites Dritter verantwortlich, auf die mit einem Link verwiesen wird. Der Besuch einer mit vorliegender Website verlinkten Seite erfolgt auf eigene Gefahr und mit der Verpflichtung, alle Ma\u00dfnahmen zu ergreifen, die zum Schutz vor Viren oder sonstigen zerst\u00f6rerischen Elementen erforderlich sind. Der Link zu anderen Websites bedeutet nicht, dass die MCZ Group SpA diese Websites sponsert oder mit der Einrichtung verbunden ist, welche die dort beschriebenen Dienste anbietet.\n<h4 style= margin-top:20px>Verarbeitung personenbezogener Daten<\/h4>\nIn Bezug auf die Verordnung zum Schutz personenbezogener Daten (Reg.EU 679\/16), laden wir Sie ein, die entsprechenden Informationen auf unserer Website zu lesen.\nDer Inhaber der Datenverarbeitung ist MCZ Group SpA, 33074 Vigonovo di Fontanafredda (PN) Italy. Sie k\u00f6nnen Ihre Rechte bei den in der Erkl\u00e4rung genannten Kontakten aus\u00fcben. MCZ Group hat einen kontaktierbaren DPO ernannt unter\u00a0<a href=\"mailto:dpo@mcz.it\">dpo@mcz.it<\/a>.\n&gt; Weitere Informationen zu den\u00a0<a href=\"https:\/\/www.redheating.fr\/de\/datenschutzerklaerung\/\">Datenschutzbestimmungen<\/a>\n<h4 style= margin-top:20px>Cookies<\/h4>\nDiese Website verwendet Cookies, um ihren Benutzern eine bedarfsgerechte Navigation zu erm\u00f6glichen.. Ohne Cookies w\u00e4ren wir nicht in der Lage, Ihnen alle auf der Website angebotenen Leistungen zu bieten.\n&gt; Weitere Informationen zu\u00a0<a href=\"https:\/\/www.redheating.fr\/de\/cookie-policy\/\">Cookies<\/a>\n","protected":false},"excerpt":{"rendered":"<p>Allgemeine Nutzungsbedingungen Diese Website ist ein von der MCZ Group SpA zur Verf\u00fcgung gestellter Online-Informationsdienst. Die Nutzung unterliegt der Annahme der im Folgenden festgelegten Allgemeinen Nutzungsbedingungen. Ohne Annahme der Bedingungen nutzen Sie bitte diese Website nicht und laden Sie kein Material daraus herunter. Nutzungsbeschr\u00e4nkung Inhaberin des Urheberrechts f\u00fcr die Inhalte dieser Website ist die MCZ [&hellip;]<\/p>\n","protected":false},"author":3,"featured_media":0,"parent":0,"menu_order":0,"comment_status":"closed","ping_status":"closed","template":"","meta":{"footnotes":""},"class_list":["post-2466","page","type-page","status-publish","hentry"],"acf":[],"_links":{"self":[{"href":"https:\/\/www.redheating.fr\/de\/wp-json\/wp\/v2\/pages\/2466","targetHints":{"allow":["GET"]}}],"collection":[{"href":"https:\/\/www.redheating.fr\/de\/wp-json\/wp\/v2\/pages"}],"about":[{"href":"https:\/\/www.redheating.fr\/de\/wp-json\/wp\/v2\/types\/page"}],"author":[{"embeddable":true,"href":"https:\/\/www.redheating.fr\/de\/wp-json\/wp\/v2\/users\/3"}],"replies":[{"embeddable":true,"href":"https:\/\/www.redheating.fr\/de\/wp-json\/wp\/v2\/comments?post=2466"}],"version-history":[{"count":7,"href":"https:\/\/www.redheating.fr\/de\/wp-json\/wp\/v2\/pages\/2466\/revisions"}],"predecessor-version":[{"id":2505,"href":"https:\/\/www.redheating.fr\/de\/wp-json\/wp\/v2\/pages\/2466\/revisions\/2505"}],"wp:attachment":[{"href":"https:\/\/www.redheating.fr\/de\/wp-json\/wp\/v2\/media?parent=2466"}],"curies":[{"name":"wp","href":"https:\/\/api.w.org\/{rel}","templated":true}]}}